{"id":1772,"date":"2023-04-03T11:04:59","date_gmt":"2023-04-03T09:04:59","guid":{"rendered":"https:\/\/www.jesus-au-temple.com\/?page_id=1772"},"modified":"2023-04-03T11:09:37","modified_gmt":"2023-04-03T09:09:37","slug":"mentions-legales-du-site-des-soeurs-de-jesus-au-temple","status":"publish","type":"page","link":"https:\/\/www.jesus-au-temple.com\/index.php\/mentions-legales-du-site-des-soeurs-de-jesus-au-temple\/","title":{"rendered":"Mentions l\u00e9gales du site des Soeurs de J\u00e9sus au Temple"},"content":{"rendered":"\t\t<div data-elementor-type=\"wp-page\" data-elementor-id=\"1772\" class=\"elementor elementor-1772\" data-elementor-post-type=\"page\">\n\t\t\t\t\t\t<section data-particle_enable=\"false\" data-particle-mobile-disabled=\"false\" class=\"elementor-section elementor-top-section elementor-element elementor-element-6655851 elementor-section-full_width elementor-hidden-mobile elementor-section-height-default elementor-section-height-default\" data-id=\"6655851\" data-element_type=\"section\" data-e-type=\"section\" data-settings=\"{&quot;shape_divider_bottom&quot;:&quot;mountains&quot;,&quot;background_background&quot;:&quot;classic&quot;}\">\n\t\t\t\t\t<div class=\"elementor-shape elementor-shape-bottom\" aria-hidden=\"true\" data-negative=\"false\">\n\t\t\t<svg xmlns=\"http:\/\/www.w3.org\/2000\/svg\" viewBox=\"0 0 1000 100\" preserveAspectRatio=\"none\">\n\t<path class=\"elementor-shape-fill\" opacity=\"0.33\" d=\"M473,67.3c-203.9,88.3-263.1-34-320.3,0C66,119.1,0,59.7,0,59.7V0h1000v59.7 c0,0-62.1,26.1-94.9,29.3c-32.8,3.3-62.8-12.3-75.8-22.1C806,49.6,745.3,8.7,694.9,4.7S492.4,59,473,67.3z\"\/>\n\t<path class=\"elementor-shape-fill\" opacity=\"0.66\" d=\"M734,67.3c-45.5,0-77.2-23.2-129.1-39.1c-28.6-8.7-150.3-10.1-254,39.1 s-91.7-34.4-149.2,0C115.7,118.3,0,39.8,0,39.8V0h1000v36.5c0,0-28.2-18.5-92.1-18.5C810.2,18.1,775.7,67.3,734,67.3z\"\/>\n\t<path class=\"elementor-shape-fill\" d=\"M766.1,28.9c-200-57.5-266,65.5-395.1,19.5C242,1.8,242,5.4,184.8,20.6C128,35.8,132.3,44.9,89.9,52.5C28.6,63.7,0,0,0,0 h1000c0,0-9.9,40.9-83.6,48.1S829.6,47,766.1,28.9z\"\/>\n<\/svg>\t\t<\/div>\n\t\t\t\t\t<div class=\"elementor-container elementor-column-gap-default\">\n\t\t\t\t\t<div class=\"elementor-column elementor-col-100 elementor-top-column elementor-element elementor-element-294d024\" data-id=\"294d024\" data-element_type=\"column\" data-e-type=\"column\" data-settings=\"{&quot;background_background&quot;:&quot;classic&quot;}\">\n\t\t\t<div class=\"elementor-widget-wrap elementor-element-populated\">\n\t\t\t\t\t\t<section data-particle_enable=\"false\" data-particle-mobile-disabled=\"false\" class=\"elementor-section elementor-inner-section elementor-element elementor-element-9cbdedb elementor-section-boxed elementor-section-height-default elementor-section-height-default\" data-id=\"9cbdedb\" data-element_type=\"section\" data-e-type=\"section\">\n\t\t\t\t\t\t<div class=\"elementor-container elementor-column-gap-default\">\n\t\t\t\t\t<div class=\"elementor-column elementor-col-50 elementor-inner-column elementor-element elementor-element-b71a374\" data-id=\"b71a374\" data-element_type=\"column\" data-e-type=\"column\">\n\t\t\t<div class=\"elementor-widget-wrap\">\n\t\t\t\t\t\t\t<\/div>\n\t\t<\/div>\n\t\t\t\t<div class=\"elementor-column elementor-col-50 elementor-inner-column elementor-element elementor-element-736040b\" data-id=\"736040b\" data-element_type=\"column\" data-e-type=\"column\" data-settings=\"{&quot;background_background&quot;:&quot;classic&quot;}\">\n\t\t\t<div class=\"elementor-widget-wrap elementor-element-populated\">\n\t\t\t\t\t\t<div class=\"elementor-element elementor-element-ff15b27 elementor-widget elementor-widget-text-editor\" data-id=\"ff15b27\" data-element_type=\"widget\" data-e-type=\"widget\" data-widget_type=\"text-editor.default\">\n\t\t\t\t<div class=\"elementor-widget-container\">\n\t\t\t\t\t\t\t\t\t<h2>Mentions l\u00e9gales<\/h2>\t\t\t\t\t\t\t\t<\/div>\n\t\t\t\t<\/div>\n\t\t\t\t\t<\/div>\n\t\t<\/div>\n\t\t\t\t\t<\/div>\n\t\t<\/section>\n\t\t\t\t\t<\/div>\n\t\t<\/div>\n\t\t\t\t\t<\/div>\n\t\t<\/section>\n\t\t\t\t<section data-particle_enable=\"false\" data-particle-mobile-disabled=\"false\" class=\"elementor-section elementor-top-section elementor-element elementor-element-4d572cc elementor-section-boxed elementor-section-height-default elementor-section-height-default\" data-id=\"4d572cc\" data-element_type=\"section\" data-e-type=\"section\">\n\t\t\t\t\t\t<div class=\"elementor-container elementor-column-gap-default\">\n\t\t\t\t\t<div class=\"elementor-column elementor-col-100 elementor-top-column elementor-element elementor-element-e7093a9\" data-id=\"e7093a9\" data-element_type=\"column\" data-e-type=\"column\">\n\t\t\t<div class=\"elementor-widget-wrap elementor-element-populated\">\n\t\t\t\t\t\t<div class=\"elementor-element elementor-element-fd69505 elementor-widget elementor-widget-text-editor\" data-id=\"fd69505\" data-element_type=\"widget\" data-e-type=\"widget\" data-widget_type=\"text-editor.default\">\n\t\t\t\t<div class=\"elementor-widget-container\">\n\t\t\t\t\t\t\t\t\t<h2>Informations l\u00e9gales<\/h2><p>Le site web des Soeurs de J\u00e9sus au Temple est \u00e9dit\u00e9 par la Congr\u00e9gation des Soeurs de J\u00e9sus au Temple, congr\u00e9gation religieuse catholique, ayant son si\u00e8ge social au [adresse du si\u00e8ge social], enregistr\u00e9e aupr\u00e8s du Registre des Congr\u00e9gations sous le num\u00e9ro [num\u00e9ro d&rsquo;enregistrement].<\/p><p>Num\u00e9ro de t\u00e9l\u00e9phone : 02 32 51 05 11<br \/>Adresse e-mail : [adresse e-mail]<\/p><p>Directeur de la publication <i>: [nom du sup\u00e9rieur(e) g\u00e9n\u00e9ral(e)]<\/i><\/p><p>Le site web des Soeurs de J\u00e9sus au Temple est h\u00e9berg\u00e9 par OVH, dont le si\u00e8ge social est situ\u00e9\u00a0<span style=\"color: #4d5156; font-family: arial, sans-serif; font-size: 14px; letter-spacing: normal;\">2, rue Kellermann, 59100 Roubaix.<\/span>.<\/p><p><strong>Propri\u00e9t\u00e9 intellectuelle<\/strong><br \/>Tous les \u00e9l\u00e9ments pr\u00e9sents sur le site web des Soeurs de J\u00e9sus au Temple, tels que les textes, les images, les photographies, les vid\u00e9os, les logos, les marques et les donn\u00e9es sont la propri\u00e9t\u00e9 exclusive de la Congr\u00e9gation des Soeurs de J\u00e9sus au Temple, sauf mention contraire.<\/p><p>Toute reproduction, repr\u00e9sentation, modification, adaptation, distribution, int\u00e9grale ou partielle, de tout ou partie des \u00e9l\u00e9ments du site web, sans l&rsquo;autorisation pr\u00e9alable \u00e9crite de la Congr\u00e9gation des Soeurs de J\u00e9sus au Temple, est strictement interdite et constitutive d&rsquo;une contrefa\u00e7on sanctionn\u00e9e par le Code de la propri\u00e9t\u00e9 intellectuelle.<\/p><p>Protection des donn\u00e9es personnelles<br \/>Les informations recueillies sur le site web des Soeurs de J\u00e9sus au Temple sont destin\u00e9es \u00e0 la Congr\u00e9gation des Soeurs de J\u00e9sus au Temple. Elles sont utilis\u00e9es dans le cadre de la gestion de la relation avec les utilisateurs et pour l&rsquo;envoi d&rsquo;informations relatives \u00e0 l&rsquo;activit\u00e9 de la Congr\u00e9gation.<\/p><p>Conform\u00e9ment au R\u00e8glement G\u00e9n\u00e9ral sur la Protection des Donn\u00e9es (RGPD) et \u00e0 la loi Informatique et Libert\u00e9s du 6 janvier 1978 modifi\u00e9e, les utilisateurs disposent d&rsquo;un droit d&rsquo;acc\u00e8s, de rectification, d&rsquo;effacement et de portabilit\u00e9 des donn\u00e9es les concernant, ainsi qu&rsquo;un droit de limitation et d&rsquo;opposition au traitement de ces donn\u00e9es. Les utilisateurs peuvent exercer ces droits en envoyant un e-mail \u00e0 [adresse e-mail].<\/p><p><strong>Cookies<\/strong><br \/>Le site web des Soeurs de J\u00e9sus au Temple utilise des cookies pour am\u00e9liorer l&rsquo;exp\u00e9rience utilisateur et pour mesurer l&rsquo;audience du site. Les utilisateurs peuvent refuser l&rsquo;utilisation des cookies en configurant leur navigateur.<\/p><p><strong>Responsabilit\u00e9<\/strong><br \/>Le site web des Soeurs de J\u00e9sus au Temple est r\u00e9guli\u00e8rement mis \u00e0 jour. Toutefois, la Congr\u00e9gation des Soeurs de J\u00e9sus au Temple ne peut garantir l&rsquo;exactitude et l&rsquo;exhaustivit\u00e9 des informations diffus\u00e9es sur le site. La Congr\u00e9gation des Soeurs de J\u00e9sus au Temple d\u00e9cline toute responsabilit\u00e9 pour toute impr\u00e9cision, inexactitude ou omission portant sur des informations disponibles sur le site.<\/p><p>Le site web des Soeurs de J\u00e9sus au Temple peut contenir des liens hypertextes vers d&rsquo;autres sites web. La Congr\u00e9gation des Soeurs de J\u00e9sus au Temple ne peut \u00eatre tenue responsable du contenu de ces sites et de l&rsquo;utilisation qui en est faite par les utilisateurs.<\/p><p>La Congr\u00e9gation des Soeurs de J\u00e9sus au Temple se r\u00e9serve le droit de modifier \u00e0 tout moment et sans pr\u00e9avis les pr\u00e9sentes mentions l\u00e9gales.<\/p><p><strong>Droit applicable<\/strong><br \/>Le site web des Soeurs de J\u00e9sus au Temple et les pr\u00e9sentes mentions l\u00e9gales sont r\u00e9gies par le droit fran\u00e7ais. Tout litige relatif au site web sera soumis \u00e0 la comp\u00e9tence exclusive des tribunaux fran\u00e7ais.<\/p><p>Nous vous remercions d&rsquo;avoir pris le temps de consulter ces mentions l\u00e9gales. Si vous avez des questions ou des pr\u00e9occupations, n&rsquo;h\u00e9sitez pas \u00e0 nous contacter \u00e0 l&rsquo;adresse e-mail mentionn\u00e9e ci-dessus.<\/p>\t\t\t\t\t\t\t\t<\/div>\n\t\t\t\t<\/div>\n\t\t\t\t\t<\/div>\n\t\t<\/div>\n\t\t\t\t\t<\/div>\n\t\t<\/section>\n\t\t\t\t<\/div>\n\t\t","protected":false},"excerpt":{"rendered":"<p>Mentions l\u00e9gales Informations l\u00e9gales Le site web des Soeurs de J\u00e9sus au Temple est \u00e9dit\u00e9 par la Congr\u00e9gation des Soeurs de J\u00e9sus au Temple, congr\u00e9gation religieuse catholique, ayant son si\u00e8ge social au [adresse du si\u00e8ge social], enregistr\u00e9e aupr\u00e8s du Registre des Congr\u00e9gations sous le num\u00e9ro [num\u00e9ro d&rsquo;enregistrement]. Num\u00e9ro de t\u00e9l\u00e9phone : 02 32 51 05 [&hellip;]<\/p>\n","protected":false},"author":1,"featured_media":0,"parent":0,"menu_order":0,"comment_status":"closed","ping_status":"closed","template":"elementor_header_footer","meta":{"footnotes":""},"class_list":["post-1772","page","type-page","status-publish","hentry"],"yoast_head":"<!-- This site is optimized with the Yoast SEO plugin v27.5 - https:\/\/yoast.com\/product\/yoast-seo-wordpress\/ -->\n<title>Mentions l\u00e9gales du site des Soeurs de J\u00e9sus au Temple - Les soeurs de J\u00e9sus au temple<\/title>\n<meta name=\"robots\" content=\"index, follow, max-snippet:-1, max-image-preview:large, max-video-preview:-1\" \/>\n<link rel=\"canonical\" href=\"https:\/\/www.jesus-au-temple.com\/index.php\/mentions-legales-du-site-des-soeurs-de-jesus-au-temple\/\" \/>\n<meta property=\"og:locale\" content=\"fr_FR\" \/>\n<meta property=\"og:type\" content=\"article\" \/>\n<meta property=\"og:title\" content=\"Mentions l\u00e9gales du site des Soeurs de J\u00e9sus au Temple - Les soeurs de J\u00e9sus au temple\" \/>\n<meta property=\"og:description\" content=\"Mentions l\u00e9gales Informations l\u00e9gales Le site web des Soeurs de J\u00e9sus au Temple est \u00e9dit\u00e9 par la Congr\u00e9gation des Soeurs de J\u00e9sus au Temple, congr\u00e9gation religieuse catholique, ayant son si\u00e8ge social au [adresse du si\u00e8ge social], enregistr\u00e9e aupr\u00e8s du Registre des Congr\u00e9gations sous le num\u00e9ro [num\u00e9ro d&rsquo;enregistrement]. Num\u00e9ro de t\u00e9l\u00e9phone : 02 32 51 05 [&hellip;]\" \/>\n<meta property=\"og:url\" content=\"https:\/\/www.jesus-au-temple.com\/index.php\/mentions-legales-du-site-des-soeurs-de-jesus-au-temple\/\" \/>\n<meta property=\"og:site_name\" content=\"Les soeurs de J\u00e9sus au temple\" \/>\n<meta property=\"article:modified_time\" content=\"2023-04-03T09:09:37+00:00\" \/>\n<meta name=\"twitter:card\" content=\"summary_large_image\" \/>\n<meta name=\"twitter:label1\" content=\"Dur\u00e9e de lecture estim\u00e9e\" \/>\n\t<meta name=\"twitter:data1\" content=\"3 minutes\" \/>\n<script type=\"application\/ld+json\" class=\"yoast-schema-graph\">{\"@context\":\"https:\\\/\\\/schema.org\",\"@graph\":[{\"@type\":\"WebPage\",\"@id\":\"https:\\\/\\\/www.jesus-au-temple.com\\\/index.php\\\/mentions-legales-du-site-des-soeurs-de-jesus-au-temple\\\/\",\"url\":\"https:\\\/\\\/www.jesus-au-temple.com\\\/index.php\\\/mentions-legales-du-site-des-soeurs-de-jesus-au-temple\\\/\",\"name\":\"Mentions l\u00e9gales du site des Soeurs de J\u00e9sus au Temple - Les soeurs de J\u00e9sus au temple\",\"isPartOf\":{\"@id\":\"https:\\\/\\\/www.jesus-au-temple.com\\\/#website\"},\"datePublished\":\"2023-04-03T09:04:59+00:00\",\"dateModified\":\"2023-04-03T09:09:37+00:00\",\"breadcrumb\":{\"@id\":\"https:\\\/\\\/www.jesus-au-temple.com\\\/index.php\\\/mentions-legales-du-site-des-soeurs-de-jesus-au-temple\\\/#breadcrumb\"},\"inLanguage\":\"fr-FR\",\"potentialAction\":[{\"@type\":\"ReadAction\",\"target\":[\"https:\\\/\\\/www.jesus-au-temple.com\\\/index.php\\\/mentions-legales-du-site-des-soeurs-de-jesus-au-temple\\\/\"]}]},{\"@type\":\"BreadcrumbList\",\"@id\":\"https:\\\/\\\/www.jesus-au-temple.com\\\/index.php\\\/mentions-legales-du-site-des-soeurs-de-jesus-au-temple\\\/#breadcrumb\",\"itemListElement\":[{\"@type\":\"ListItem\",\"position\":1,\"name\":\"Accueil\",\"item\":\"https:\\\/\\\/www.jesus-au-temple.com\\\/\"},{\"@type\":\"ListItem\",\"position\":2,\"name\":\"Mentions l\u00e9gales du site des Soeurs de J\u00e9sus au Temple\"}]},{\"@type\":\"WebSite\",\"@id\":\"https:\\\/\\\/www.jesus-au-temple.com\\\/#website\",\"url\":\"https:\\\/\\\/www.jesus-au-temple.com\\\/\",\"name\":\"S\u0153urs de J\u00e9sus au temple de Vernon\",\"description\":\"Site officiel des Soeurs de j\u00e9sus au Temple\",\"publisher\":{\"@id\":\"https:\\\/\\\/www.jesus-au-temple.com\\\/#organization\"},\"potentialAction\":[{\"@type\":\"SearchAction\",\"target\":{\"@type\":\"EntryPoint\",\"urlTemplate\":\"https:\\\/\\\/www.jesus-au-temple.com\\\/?s={search_term_string}\"},\"query-input\":{\"@type\":\"PropertyValueSpecification\",\"valueRequired\":true,\"valueName\":\"search_term_string\"}}],\"inLanguage\":\"fr-FR\"},{\"@type\":\"Organization\",\"@id\":\"https:\\\/\\\/www.jesus-au-temple.com\\\/#organization\",\"name\":\"Communaut\u00e9 de soeurs catholiques\",\"url\":\"https:\\\/\\\/www.jesus-au-temple.com\\\/\",\"logo\":{\"@type\":\"ImageObject\",\"inLanguage\":\"fr-FR\",\"@id\":\"https:\\\/\\\/www.jesus-au-temple.com\\\/#\\\/schema\\\/logo\\\/image\\\/\",\"url\":\"https:\\\/\\\/www.jesus-au-temple.com\\\/wp-content\\\/uploads\\\/2023\\\/01\\\/soeurs-de-jesus-au-temple.png\",\"contentUrl\":\"https:\\\/\\\/www.jesus-au-temple.com\\\/wp-content\\\/uploads\\\/2023\\\/01\\\/soeurs-de-jesus-au-temple.png\",\"width\":826,\"height\":455,\"caption\":\"Communaut\u00e9 de soeurs catholiques\"},\"image\":{\"@id\":\"https:\\\/\\\/www.jesus-au-temple.com\\\/#\\\/schema\\\/logo\\\/image\\\/\"}}]}<\/script>\n<!-- \/ Yoast SEO plugin. -->","yoast_head_json":{"title":"Mentions l\u00e9gales du site des Soeurs de J\u00e9sus au Temple - Les soeurs de J\u00e9sus au temple","robots":{"index":"index","follow":"follow","max-snippet":"max-snippet:-1","max-image-preview":"max-image-preview:large","max-video-preview":"max-video-preview:-1"},"canonical":"https:\/\/www.jesus-au-temple.com\/index.php\/mentions-legales-du-site-des-soeurs-de-jesus-au-temple\/","og_locale":"fr_FR","og_type":"article","og_title":"Mentions l\u00e9gales du site des Soeurs de J\u00e9sus au Temple - Les soeurs de J\u00e9sus au temple","og_description":"Mentions l\u00e9gales Informations l\u00e9gales Le site web des Soeurs de J\u00e9sus au Temple est \u00e9dit\u00e9 par la Congr\u00e9gation des Soeurs de J\u00e9sus au Temple, congr\u00e9gation religieuse catholique, ayant son si\u00e8ge social au [adresse du si\u00e8ge social], enregistr\u00e9e aupr\u00e8s du Registre des Congr\u00e9gations sous le num\u00e9ro [num\u00e9ro d&rsquo;enregistrement]. Num\u00e9ro de t\u00e9l\u00e9phone : 02 32 51 05 [&hellip;]","og_url":"https:\/\/www.jesus-au-temple.com\/index.php\/mentions-legales-du-site-des-soeurs-de-jesus-au-temple\/","og_site_name":"Les soeurs de J\u00e9sus au temple","article_modified_time":"2023-04-03T09:09:37+00:00","twitter_card":"summary_large_image","twitter_misc":{"Dur\u00e9e de lecture estim\u00e9e":"3 minutes"},"schema":{"@context":"https:\/\/schema.org","@graph":[{"@type":"WebPage","@id":"https:\/\/www.jesus-au-temple.com\/index.php\/mentions-legales-du-site-des-soeurs-de-jesus-au-temple\/","url":"https:\/\/www.jesus-au-temple.com\/index.php\/mentions-legales-du-site-des-soeurs-de-jesus-au-temple\/","name":"Mentions l\u00e9gales du site des Soeurs de J\u00e9sus au Temple - Les soeurs de J\u00e9sus au temple","isPartOf":{"@id":"https:\/\/www.jesus-au-temple.com\/#website"},"datePublished":"2023-04-03T09:04:59+00:00","dateModified":"2023-04-03T09:09:37+00:00","breadcrumb":{"@id":"https:\/\/www.jesus-au-temple.com\/index.php\/mentions-legales-du-site-des-soeurs-de-jesus-au-temple\/#breadcrumb"},"inLanguage":"fr-FR","potentialAction":[{"@type":"ReadAction","target":["https:\/\/www.jesus-au-temple.com\/index.php\/mentions-legales-du-site-des-soeurs-de-jesus-au-temple\/"]}]},{"@type":"BreadcrumbList","@id":"https:\/\/www.jesus-au-temple.com\/index.php\/mentions-legales-du-site-des-soeurs-de-jesus-au-temple\/#breadcrumb","itemListElement":[{"@type":"ListItem","position":1,"name":"Accueil","item":"https:\/\/www.jesus-au-temple.com\/"},{"@type":"ListItem","position":2,"name":"Mentions l\u00e9gales du site des Soeurs de J\u00e9sus au Temple"}]},{"@type":"WebSite","@id":"https:\/\/www.jesus-au-temple.com\/#website","url":"https:\/\/www.jesus-au-temple.com\/","name":"S\u0153urs de J\u00e9sus au temple de Vernon","description":"Site officiel des Soeurs de j\u00e9sus au Temple","publisher":{"@id":"https:\/\/www.jesus-au-temple.com\/#organization"},"potentialAction":[{"@type":"SearchAction","target":{"@type":"EntryPoint","urlTemplate":"https:\/\/www.jesus-au-temple.com\/?s={search_term_string}"},"query-input":{"@type":"PropertyValueSpecification","valueRequired":true,"valueName":"search_term_string"}}],"inLanguage":"fr-FR"},{"@type":"Organization","@id":"https:\/\/www.jesus-au-temple.com\/#organization","name":"Communaut\u00e9 de soeurs catholiques","url":"https:\/\/www.jesus-au-temple.com\/","logo":{"@type":"ImageObject","inLanguage":"fr-FR","@id":"https:\/\/www.jesus-au-temple.com\/#\/schema\/logo\/image\/","url":"https:\/\/www.jesus-au-temple.com\/wp-content\/uploads\/2023\/01\/soeurs-de-jesus-au-temple.png","contentUrl":"https:\/\/www.jesus-au-temple.com\/wp-content\/uploads\/2023\/01\/soeurs-de-jesus-au-temple.png","width":826,"height":455,"caption":"Communaut\u00e9 de soeurs catholiques"},"image":{"@id":"https:\/\/www.jesus-au-temple.com\/#\/schema\/logo\/image\/"}}]}},"_links":{"self":[{"href":"https:\/\/www.jesus-au-temple.com\/index.php\/wp-json\/wp\/v2\/pages\/1772","targetHints":{"allow":["GET"]}}],"collection":[{"href":"https:\/\/www.jesus-au-temple.com\/index.php\/wp-json\/wp\/v2\/pages"}],"about":[{"href":"https:\/\/www.jesus-au-temple.com\/index.php\/wp-json\/wp\/v2\/types\/page"}],"author":[{"embeddable":true,"href":"https:\/\/www.jesus-au-temple.com\/index.php\/wp-json\/wp\/v2\/users\/1"}],"replies":[{"embeddable":true,"href":"https:\/\/www.jesus-au-temple.com\/index.php\/wp-json\/wp\/v2\/comments?post=1772"}],"version-history":[{"count":0,"href":"https:\/\/www.jesus-au-temple.com\/index.php\/wp-json\/wp\/v2\/pages\/1772\/revisions"}],"wp:attachment":[{"href":"https:\/\/www.jesus-au-temple.com\/index.php\/wp-json\/wp\/v2\/media?parent=1772"}],"curies":[{"name":"wp","href":"https:\/\/api.w.org\/{rel}","templated":true}]}}