{"id":5960,"date":"2026-04-21T17:29:19","date_gmt":"2026-04-21T15:29:19","guid":{"rendered":"https:\/\/www.jesus-au-temple.com\/?page_id=5960"},"modified":"2026-04-21T17:41:13","modified_gmt":"2026-04-21T15:41:13","slug":"implantations","status":"publish","type":"page","link":"https:\/\/www.jesus-au-temple.com\/index.php\/implantations\/","title":{"rendered":"Implantations"},"content":{"rendered":"\t\t<div data-elementor-type=\"wp-page\" data-elementor-id=\"5960\" class=\"elementor elementor-5960\" data-elementor-post-type=\"page\">\n\t\t\t\t\t\t<section data-particle_enable=\"false\" data-particle-mobile-disabled=\"false\" class=\"elementor-section elementor-top-section elementor-element elementor-element-6655851 elementor-section-full_width elementor-hidden-mobile elementor-section-height-default elementor-section-height-default\" data-id=\"6655851\" data-element_type=\"section\" data-e-type=\"section\" data-settings=\"{&quot;shape_divider_bottom&quot;:&quot;mountains&quot;,&quot;background_background&quot;:&quot;classic&quot;}\">\n\t\t\t\t\t<div class=\"elementor-shape elementor-shape-bottom\" aria-hidden=\"true\" data-negative=\"false\">\n\t\t\t<svg xmlns=\"http:\/\/www.w3.org\/2000\/svg\" viewBox=\"0 0 1000 100\" preserveAspectRatio=\"none\">\n\t<path class=\"elementor-shape-fill\" opacity=\"0.33\" d=\"M473,67.3c-203.9,88.3-263.1-34-320.3,0C66,119.1,0,59.7,0,59.7V0h1000v59.7 c0,0-62.1,26.1-94.9,29.3c-32.8,3.3-62.8-12.3-75.8-22.1C806,49.6,745.3,8.7,694.9,4.7S492.4,59,473,67.3z\"\/>\n\t<path class=\"elementor-shape-fill\" opacity=\"0.66\" d=\"M734,67.3c-45.5,0-77.2-23.2-129.1-39.1c-28.6-8.7-150.3-10.1-254,39.1 s-91.7-34.4-149.2,0C115.7,118.3,0,39.8,0,39.8V0h1000v36.5c0,0-28.2-18.5-92.1-18.5C810.2,18.1,775.7,67.3,734,67.3z\"\/>\n\t<path class=\"elementor-shape-fill\" d=\"M766.1,28.9c-200-57.5-266,65.5-395.1,19.5C242,1.8,242,5.4,184.8,20.6C128,35.8,132.3,44.9,89.9,52.5C28.6,63.7,0,0,0,0 h1000c0,0-9.9,40.9-83.6,48.1S829.6,47,766.1,28.9z\"\/>\n<\/svg>\t\t<\/div>\n\t\t\t\t\t<div class=\"elementor-container elementor-column-gap-default\">\n\t\t\t\t\t<div class=\"elementor-column elementor-col-100 elementor-top-column elementor-element elementor-element-294d024\" data-id=\"294d024\" data-element_type=\"column\" data-e-type=\"column\" data-settings=\"{&quot;background_background&quot;:&quot;classic&quot;}\">\n\t\t\t<div class=\"elementor-widget-wrap elementor-element-populated\">\n\t\t\t\t\t\t<section data-particle_enable=\"false\" data-particle-mobile-disabled=\"false\" class=\"elementor-section elementor-inner-section elementor-element elementor-element-9cbdedb elementor-section-full_width elementor-section-height-default elementor-section-height-default\" data-id=\"9cbdedb\" data-element_type=\"section\" data-e-type=\"section\">\n\t\t\t\t\t\t<div class=\"elementor-container elementor-column-gap-default\">\n\t\t\t\t\t<div class=\"elementor-column elementor-col-50 elementor-inner-column elementor-element elementor-element-b71a374\" data-id=\"b71a374\" data-element_type=\"column\" data-e-type=\"column\">\n\t\t\t<div class=\"elementor-widget-wrap\">\n\t\t\t\t\t\t\t<\/div>\n\t\t<\/div>\n\t\t\t\t<div class=\"elementor-column elementor-col-50 elementor-inner-column elementor-element elementor-element-736040b\" data-id=\"736040b\" data-element_type=\"column\" data-e-type=\"column\" data-settings=\"{&quot;background_background&quot;:&quot;classic&quot;}\">\n\t\t\t<div class=\"elementor-widget-wrap elementor-element-populated\">\n\t\t\t\t\t\t<div class=\"elementor-element elementor-element-ff15b27 elementor-widget elementor-widget-text-editor\" data-id=\"ff15b27\" data-element_type=\"widget\" data-e-type=\"widget\" data-widget_type=\"text-editor.default\">\n\t\t\t\t<div class=\"elementor-widget-container\">\n\t\t\t\t\t\t\t\t\t<p>Les \u00ab\u00a0blues nones\u00a0\u00bb dans le monde\u00a0<\/p>\t\t\t\t\t\t\t\t<\/div>\n\t\t\t\t<\/div>\n\t\t\t\t\t<\/div>\n\t\t<\/div>\n\t\t\t\t\t<\/div>\n\t\t<\/section>\n\t\t\t\t\t<\/div>\n\t\t<\/div>\n\t\t\t\t\t<\/div>\n\t\t<\/section>\n\t\t\t\t<section data-particle_enable=\"false\" data-particle-mobile-disabled=\"false\" class=\"elementor-section elementor-top-section elementor-element elementor-element-ceb8f61 elementor-section-full_width elementor-section-height-default elementor-section-height-default\" data-id=\"ceb8f61\" data-element_type=\"section\" data-e-type=\"section\">\n\t\t\t\t\t\t<div class=\"elementor-container elementor-column-gap-default\">\n\t\t\t\t\t<div class=\"elementor-column elementor-col-100 elementor-top-column elementor-element elementor-element-4efb2cb\" data-id=\"4efb2cb\" data-element_type=\"column\" data-e-type=\"column\">\n\t\t\t<div class=\"elementor-widget-wrap elementor-element-populated\">\n\t\t\t\t\t\t<div class=\"elementor-element elementor-element-b8f5476 elementor-widget elementor-widget-heading\" data-id=\"b8f5476\" data-element_type=\"widget\" data-e-type=\"widget\" data-widget_type=\"heading.default\">\n\t\t\t\t<div class=\"elementor-widget-container\">\n\t\t\t\t\t<h2 class=\"elementor-heading-title elementor-size-default\">Nos implatations<\/h2>\t\t\t\t<\/div>\n\t\t\t\t<\/div>\n\t\t\t\t<section data-particle_enable=\"false\" data-particle-mobile-disabled=\"false\" class=\"elementor-section elementor-inner-section elementor-element elementor-element-c3b522b elementor-section-full_width elementor-section-content-middle elementor-section-height-default elementor-section-height-default\" data-id=\"c3b522b\" data-element_type=\"section\" data-e-type=\"section\">\n\t\t\t\t\t\t<div class=\"elementor-container elementor-column-gap-default\">\n\t\t\t\t\t<div class=\"elementor-column elementor-col-50 elementor-inner-column elementor-element elementor-element-85cfd66\" data-id=\"85cfd66\" data-element_type=\"column\" data-e-type=\"column\">\n\t\t\t<div class=\"elementor-widget-wrap elementor-element-populated\">\n\t\t\t\t\t\t<div class=\"elementor-element elementor-element-ea42a96 elementor-widget elementor-widget-html\" data-id=\"ea42a96\" data-element_type=\"widget\" data-e-type=\"widget\" data-widget_type=\"html.default\">\n\t\t\t\t<div class=\"elementor-widget-container\">\n\t\t\t\t\t<div class=\"missions-map-wrap\">\r\n\r\n  <div class=\"missions-filters\">\r\n    <button class=\"missions-filter is-active\" data-zone=\"all\">Toutes les missions<\/button>\r\n    <button class=\"missions-filter\" data-zone=\"civ\">C\u00f4te d\u2019Ivoire<\/button>\r\n    <button class=\"missions-filter\" data-zone=\"bf\">Burkina Faso<\/button>\r\n    <button class=\"missions-filter\" data-zone=\"eu\">Europe<\/button>\r\n  <\/div>\r\n\r\n  <div id=\"map-missions-global\" style=\"width:100%;height:560px;border-radius:18px;overflow:hidden;\"><\/div>\r\n<\/div>\r\n\r\n<link href=\"https:\/\/unpkg.com\/maplibre-gl@3.6.2\/dist\/maplibre-gl.css\" rel=\"stylesheet\">\r\n<script src=\"https:\/\/unpkg.com\/maplibre-gl@3.6.2\/dist\/maplibre-gl.js\"><\/script>\r\n\r\n<style>\r\n\r\n\/* \ud83d\udd34 BOUTONS *\/\r\n.missions-filters{\r\n  display:flex;\r\n  flex-wrap:wrap;\r\n  gap:10px;\r\n  margin:0 0 16px;\r\n}\r\n\r\n.missions-filter{\r\n  border:none;\r\n  background:#FF0066;\r\n  color:#fff;\r\n  padding:10px 16px;\r\n  border-radius:999px;\r\n  font-size:15px;\r\n  font-weight:700;\r\n  cursor:pointer;\r\n}\r\n\r\n\/* \u274c PAS DE HOVER *\/\r\n.missions-filter:hover{\r\n  background:#FF0066;\r\n}\r\n\r\n\/* \ud83d\udd25 POPUP LARGE *\/\r\n.maplibregl-popup-content{\r\n  width:400px !important;\r\n  max-width:400px !important;\r\n  padding:20px !important;\r\n  border-radius:14px !important;\r\n  box-shadow:0 10px 30px rgba(0,0,0,.25);\r\n}\r\n\r\n\/* CONTENU *\/\r\n.map-popup{\r\n  font-family:Arial, sans-serif;\r\n}\r\n\r\n\/* \ud83d\udc49 TITRE EN H2 BLANC *\/\r\n.map-popup h2{\r\n  margin:0 0 10px;\r\n  font-size:22px;\r\n  color:#ffffff;\r\n  background:#FF0066;\r\n  padding:8px 12px;\r\n  border-radius:8px;\r\n  line-height:1.3;\r\n}\r\n\r\n.map-popup p{\r\n  margin:0;\r\n  font-size:16px;\r\n  color:#333;\r\n}\r\n\r\n\/* MOBILE *\/\r\n@media (max-width: 767px){\r\n  .maplibregl-popup-content{\r\n    width:90vw !important;\r\n    max-width:90vw !important;\r\n  }\r\n}\r\n\r\n<\/style>\r\n\r\n<script>\r\ndocument.addEventListener('DOMContentLoaded', function () {\r\n\r\n  const map = new maplibregl.Map({\r\n    container: 'map-missions-global',\r\n    style: 'https:\/\/api.maptiler.com\/maps\/019db07e-4c60-761c-84c6-6d14c7feb9d6\/style.json?key=42KUxkMolHycsEZwKPJN',\r\n    center: [0, 15],\r\n    zoom: 2.4\r\n  });\r\n\r\n  map.addControl(new maplibregl.NavigationControl(), 'top-right');\r\n\r\n  const points = [\r\n    { zone:'civ', nom:\"Communaut\u00e9 d\u2019Abengourou\", lng:-3.496, lat:6.729, desc:\"Mission active \u00e0 Abengourou\" },\r\n    { zone:'civ', nom:\"Communaut\u00e9 Sainte Odile de Bondoukou\", lng:-2.800, lat:8.040, desc:\"Mission \u00e0 Bondoukou\" },\r\n    { zone:'civ', nom:\"Communaut\u00e9 Sainte Marie Bondoukou & Dispensaire\", lng:-2.802, lat:8.042, desc:\"Dispensaire et mission\" },\r\n    { zone:'civ', nom:\"Communaut\u00e9 de Tanda\", lng:-3.163, lat:7.801, desc:\"Mission \u00e0 Tanda\" },\r\n    { zone:'civ', nom:\"Communaut\u00e9 d\u2019Ebimp\u00e9\", lng:-4.082, lat:5.498, desc:\"Mission \u00e0 Ebimp\u00e9\" },\r\n    { zone:'civ', nom:\"ANYAMA : Postulat Saint Joseph\", lng:-4.052, lat:5.488, desc:\"Postulat Saint Joseph\" },\r\n\r\n    { zone:'bf', nom:\"Communaut\u00e9 de PISSILA-KAYA\", lng:-0.819, lat:13.164, desc:\"Zone de Kaya\" },\r\n    { zone:'bf', nom:\"Communaut\u00e9 Saint Julien \u00e0 Ouagadougou\", lng:-1.518, lat:12.366, desc:\"Ouagadougou\" },\r\n    { zone:'bf', nom:\"Communaut\u00e9 Saint Jean Marie VIANNEY\", lng:-1.534, lat:12.366, desc:\"Ouagadougou\" },\r\n    { zone:'bf', nom:\"COMMUNAUTE DE KOUPELA\", lng:-0.351, lat:12.179, desc:\"Koup\u00e9la\" },\r\n    { zone:'bf', nom:\"La communaut\u00e9 de KOMSILGA\", lng:-1.631, lat:12.181, desc:\"Komsilga\" },\r\n\r\n    { zone:'eu', nom:\"Paris \u2013 Saint Christophe\", lng:2.287, lat:48.844, desc:\"75015 Paris\" },\r\n    { zone:'eu', nom:\"Communaut\u00e9 d\u2019\u00c9vreux\", lng:1.150, lat:49.024, desc:\"27000 \u00c9vreux\" },\r\n    { zone:'eu', nom:\"Maison G\u00e9n\u00e9rale \u2013 Vernon\", lng:1.483, lat:49.083, desc:\"27200 Vernon\" },\r\n    { zone:'eu', nom:\"Londres \u2013 Holland Park\", lng:-0.204, lat:51.503, desc:\"Londres\" }\r\n  ];\r\n\r\n  let markers = [];\r\n\r\n  function clearMarkers(){\r\n    markers.forEach(m => m.remove());\r\n    markers = [];\r\n  }\r\n\r\n  function render(zone){\r\n    clearMarkers();\r\n\r\n    const filtered = zone === 'all' ? points : points.filter(p => p.zone === zone);\r\n\r\n    const bounds = new maplibregl.LngLatBounds();\r\n\r\n    filtered.forEach(p => {\r\n\r\n      const popup = new maplibregl.Popup({ offset:25 }).setHTML(`\r\n        <div class=\"map-popup\">\r\n          <h2>${p.nom}<\/h2>\r\n          <p>${p.desc}<\/p>\r\n        <\/div>\r\n      `);\r\n\r\n      const marker = new maplibregl.Marker() \/\/ \ud83d\udc49 marqueur classique bleu\r\n        .setLngLat([p.lng, p.lat])\r\n        .setPopup(popup)\r\n        .addTo(map);\r\n\r\n      markers.push(marker);\r\n      bounds.extend([p.lng, p.lat]);\r\n    });\r\n\r\n    if(filtered.length > 0){\r\n      map.fitBounds(bounds, { padding:80, maxZoom:8 });\r\n    }\r\n  }\r\n\r\n  document.querySelectorAll('.missions-filter').forEach(btn=>{\r\n    btn.addEventListener('click', function(){\r\n      document.querySelectorAll('.missions-filter').forEach(b=>b.classList.remove('is-active'));\r\n      this.classList.add('is-active');\r\n      render(this.dataset.zone);\r\n    });\r\n  });\r\n\r\n  map.on('load', () => render('all'));\r\n\r\n});\r\n<\/script>\t\t\t\t<\/div>\n\t\t\t\t<\/div>\n\t\t\t\t\t<\/div>\n\t\t<\/div>\n\t\t\t\t<div class=\"elementor-column elementor-col-50 elementor-inner-column elementor-element elementor-element-558b38d\" data-id=\"558b38d\" data-element_type=\"column\" data-e-type=\"column\">\n\t\t\t<div class=\"elementor-widget-wrap elementor-element-populated\">\n\t\t\t\t\t\t<div class=\"elementor-element elementor-element-3fa3d75 elementor-widget elementor-widget-heading\" data-id=\"3fa3d75\" data-element_type=\"widget\" data-e-type=\"widget\" data-widget_type=\"heading.default\">\n\t\t\t\t<div class=\"elementor-widget-container\">\n\t\t\t\t\t<h1 class=\"elementor-heading-title elementor-size-default\">Les S\u0153urs de J\u00e9sus au Temple, une mission vivante au c\u0153ur de l\u2019Afrique<\/h1>\t\t\t\t<\/div>\n\t\t\t\t<\/div>\n\t\t\t\t<div class=\"elementor-element elementor-element-55ea9f3 elementor-widget elementor-widget-text-editor\" data-id=\"55ea9f3\" data-element_type=\"widget\" data-e-type=\"widget\" data-widget_type=\"text-editor.default\">\n\t\t\t\t<div class=\"elementor-widget-container\">\n\t\t\t\t\t\t\t\t\t<p data-start=\"309\" data-end=\"620\">Les S\u0153urs de J\u00e9sus au Temple, parfois appel\u00e9es \u00ab Blue Nones \u00bb, vivent une vocation profond\u00e9ment enracin\u00e9e dans la pri\u00e8re, la contemplation et le service des autres. Fid\u00e8les \u00e0 l\u2019appel du Christ, elles se tiennent, comme J\u00e9sus au Temple, \u00ab aux affaires du P\u00e8re \u00bb, dans une disponibilit\u00e9 totale \u00e0 Dieu et au monde.<\/p><p data-start=\"622\" data-end=\"993\">Aujourd\u2019hui, leur mission s\u2019exprime de mani\u00e8re privil\u00e9gi\u00e9e en Afrique, notamment en C\u00f4te d\u2019Ivoire et au Burkina Faso, o\u00f9 elles sont pr\u00e9sentes depuis plusieurs d\u00e9cennies. Cette implantation missionnaire s\u2019inscrit dans un \u00e9lan d\u2019\u00c9glise qui les a conduites \u00e0 r\u00e9pondre aux besoins des populations locales, avec simplicit\u00e9 et proximit\u00e9.<\/p><p data-start=\"995\" data-end=\"1438\">Sur ces terres africaines, les s\u0153urs \u0153uvrent concr\u00e8tement au service de la vie : elles s\u2019engagent dans les soins de sant\u00e9, l\u2019accompagnement des malades, la lutte contre la malnutrition, mais aussi dans l\u2019\u00e9ducation et la formation. Elles participent activement \u00e0 la promotion humaine, en particulier aupr\u00e8s des femmes et des enfants, contribuant ainsi \u00e0 b\u00e2tir des communaut\u00e9s plus justes et fraternelles.<\/p><p data-start=\"1440\" data-end=\"1740\">Leur pr\u00e9sence ne se limite pas \u00e0 l\u2019action sociale : elle est avant tout un t\u00e9moignage de foi. Par la pri\u00e8re, la vie fraternelle et la joie qui les habite, elles manifestent l\u2019amour du Christ au c\u0153ur des r\u00e9alit\u00e9s quotidiennes, souvent marqu\u00e9es par la fragilit\u00e9.<\/p><p data-start=\"1742\" data-end=\"2064\">En Europe, leur mission prend d\u2019autres formes, notamment aupr\u00e8s des personnes \u00e2g\u00e9es et dans des services d\u2019accompagnement. Mais partout, en Afrique comme ailleurs, une m\u00eame dynamique les anime : vivre l\u2019\u00c9vangile au plus pr\u00e8s des hommes et des femmes de leur temps, dans un esprit de service, de simplicit\u00e9 et de confiance.<\/p><p data-start=\"622\" data-end=\"993\">\u00a0<\/p><p data-start=\"2066\" data-end=\"2249\">Ainsi, les S\u0153urs de J\u00e9sus au Temple poursuivent aujourd\u2019hui une belle aventure missionnaire, o\u00f9 la pri\u00e8re nourrit l\u2019action, et o\u00f9 chaque rencontre devient un lieu de pr\u00e9sence de Dieu.<\/p>\t\t\t\t\t\t\t\t<\/div>\n\t\t\t\t<\/div>\n\t\t\t\t\t<\/div>\n\t\t<\/div>\n\t\t\t\t\t<\/div>\n\t\t<\/section>\n\t\t\t\t\t<\/div>\n\t\t<\/div>\n\t\t\t\t\t<\/div>\n\t\t<\/section>\n\t\t\t\t<\/div>\n\t\t","protected":false},"excerpt":{"rendered":"<p>Les \u00ab\u00a0blues nones\u00a0\u00bb dans le monde\u00a0 Nos implatations Toutes les missions C\u00f4te d\u2019Ivoire Burkina Faso Europe Les S\u0153urs de J\u00e9sus au Temple, une mission vivante au c\u0153ur de l\u2019Afrique Les S\u0153urs de J\u00e9sus au Temple, parfois appel\u00e9es \u00ab Blue Nones \u00bb, vivent une vocation profond\u00e9ment enracin\u00e9e dans la pri\u00e8re, la contemplation et le service des [&hellip;]<\/p>\n","protected":false},"author":4,"featured_media":0,"parent":0,"menu_order":0,"comment_status":"closed","ping_status":"closed","template":"elementor_header_footer","meta":{"footnotes":""},"class_list":["post-5960","page","type-page","status-publish","hentry"],"yoast_head":"<!-- This site is optimized with the Yoast SEO plugin v27.4 - https:\/\/yoast.com\/product\/yoast-seo-wordpress\/ -->\n<title>Implantations - Les soeurs de J\u00e9sus au temple<\/title>\n<meta name=\"robots\" content=\"index, follow, max-snippet:-1, max-image-preview:large, max-video-preview:-1\" \/>\n<link rel=\"canonical\" href=\"https:\/\/www.jesus-au-temple.com\/index.php\/implantations\/\" \/>\n<meta property=\"og:locale\" content=\"fr_FR\" \/>\n<meta property=\"og:type\" content=\"article\" \/>\n<meta property=\"og:title\" content=\"Implantations - Les soeurs de J\u00e9sus au temple\" \/>\n<meta property=\"og:description\" content=\"Les \u00ab\u00a0blues nones\u00a0\u00bb dans le monde\u00a0 Nos implatations Toutes les missions C\u00f4te d\u2019Ivoire Burkina Faso Europe Les S\u0153urs de J\u00e9sus au Temple, une mission vivante au c\u0153ur de l\u2019Afrique Les S\u0153urs de J\u00e9sus au Temple, parfois appel\u00e9es \u00ab Blue Nones \u00bb, vivent une vocation profond\u00e9ment enracin\u00e9e dans la pri\u00e8re, la contemplation et le service des [&hellip;]\" \/>\n<meta property=\"og:url\" content=\"https:\/\/www.jesus-au-temple.com\/index.php\/implantations\/\" \/>\n<meta property=\"og:site_name\" content=\"Les soeurs de J\u00e9sus au temple\" \/>\n<meta property=\"article:modified_time\" content=\"2026-04-21T15:41:13+00:00\" \/>\n<meta name=\"twitter:card\" content=\"summary_large_image\" \/>\n<meta name=\"twitter:label1\" content=\"Dur\u00e9e de lecture estim\u00e9e\" \/>\n\t<meta name=\"twitter:data1\" content=\"2 minutes\" \/>\n<script type=\"application\/ld+json\" class=\"yoast-schema-graph\">{\"@context\":\"https:\\\/\\\/schema.org\",\"@graph\":[{\"@type\":\"WebPage\",\"@id\":\"https:\\\/\\\/www.jesus-au-temple.com\\\/index.php\\\/implantations\\\/\",\"url\":\"https:\\\/\\\/www.jesus-au-temple.com\\\/index.php\\\/implantations\\\/\",\"name\":\"Implantations - Les soeurs de J\u00e9sus au temple\",\"isPartOf\":{\"@id\":\"https:\\\/\\\/www.jesus-au-temple.com\\\/#website\"},\"datePublished\":\"2026-04-21T15:29:19+00:00\",\"dateModified\":\"2026-04-21T15:41:13+00:00\",\"breadcrumb\":{\"@id\":\"https:\\\/\\\/www.jesus-au-temple.com\\\/index.php\\\/implantations\\\/#breadcrumb\"},\"inLanguage\":\"fr-FR\",\"potentialAction\":[{\"@type\":\"ReadAction\",\"target\":[\"https:\\\/\\\/www.jesus-au-temple.com\\\/index.php\\\/implantations\\\/\"]}]},{\"@type\":\"BreadcrumbList\",\"@id\":\"https:\\\/\\\/www.jesus-au-temple.com\\\/index.php\\\/implantations\\\/#breadcrumb\",\"itemListElement\":[{\"@type\":\"ListItem\",\"position\":1,\"name\":\"Accueil\",\"item\":\"https:\\\/\\\/www.jesus-au-temple.com\\\/\"},{\"@type\":\"ListItem\",\"position\":2,\"name\":\"Implantations\"}]},{\"@type\":\"WebSite\",\"@id\":\"https:\\\/\\\/www.jesus-au-temple.com\\\/#website\",\"url\":\"https:\\\/\\\/www.jesus-au-temple.com\\\/\",\"name\":\"S\u0153urs de J\u00e9sus au temple de Vernon\",\"description\":\"Site officiel des Soeurs de j\u00e9sus au Temple\",\"publisher\":{\"@id\":\"https:\\\/\\\/www.jesus-au-temple.com\\\/#organization\"},\"potentialAction\":[{\"@type\":\"SearchAction\",\"target\":{\"@type\":\"EntryPoint\",\"urlTemplate\":\"https:\\\/\\\/www.jesus-au-temple.com\\\/?s={search_term_string}\"},\"query-input\":{\"@type\":\"PropertyValueSpecification\",\"valueRequired\":true,\"valueName\":\"search_term_string\"}}],\"inLanguage\":\"fr-FR\"},{\"@type\":\"Organization\",\"@id\":\"https:\\\/\\\/www.jesus-au-temple.com\\\/#organization\",\"name\":\"Communaut\u00e9 de soeurs catholiques\",\"url\":\"https:\\\/\\\/www.jesus-au-temple.com\\\/\",\"logo\":{\"@type\":\"ImageObject\",\"inLanguage\":\"fr-FR\",\"@id\":\"https:\\\/\\\/www.jesus-au-temple.com\\\/#\\\/schema\\\/logo\\\/image\\\/\",\"url\":\"https:\\\/\\\/www.jesus-au-temple.com\\\/wp-content\\\/uploads\\\/2023\\\/01\\\/soeurs-de-jesus-au-temple.png\",\"contentUrl\":\"https:\\\/\\\/www.jesus-au-temple.com\\\/wp-content\\\/uploads\\\/2023\\\/01\\\/soeurs-de-jesus-au-temple.png\",\"width\":826,\"height\":455,\"caption\":\"Communaut\u00e9 de soeurs catholiques\"},\"image\":{\"@id\":\"https:\\\/\\\/www.jesus-au-temple.com\\\/#\\\/schema\\\/logo\\\/image\\\/\"}}]}<\/script>\n<!-- \/ Yoast SEO plugin. -->","yoast_head_json":{"title":"Implantations - Les soeurs de J\u00e9sus au temple","robots":{"index":"index","follow":"follow","max-snippet":"max-snippet:-1","max-image-preview":"max-image-preview:large","max-video-preview":"max-video-preview:-1"},"canonical":"https:\/\/www.jesus-au-temple.com\/index.php\/implantations\/","og_locale":"fr_FR","og_type":"article","og_title":"Implantations - Les soeurs de J\u00e9sus au temple","og_description":"Les \u00ab\u00a0blues nones\u00a0\u00bb dans le monde\u00a0 Nos implatations Toutes les missions C\u00f4te d\u2019Ivoire Burkina Faso Europe Les S\u0153urs de J\u00e9sus au Temple, une mission vivante au c\u0153ur de l\u2019Afrique Les S\u0153urs de J\u00e9sus au Temple, parfois appel\u00e9es \u00ab Blue Nones \u00bb, vivent une vocation profond\u00e9ment enracin\u00e9e dans la pri\u00e8re, la contemplation et le service des [&hellip;]","og_url":"https:\/\/www.jesus-au-temple.com\/index.php\/implantations\/","og_site_name":"Les soeurs de J\u00e9sus au temple","article_modified_time":"2026-04-21T15:41:13+00:00","twitter_card":"summary_large_image","twitter_misc":{"Dur\u00e9e de lecture estim\u00e9e":"2 minutes"},"schema":{"@context":"https:\/\/schema.org","@graph":[{"@type":"WebPage","@id":"https:\/\/www.jesus-au-temple.com\/index.php\/implantations\/","url":"https:\/\/www.jesus-au-temple.com\/index.php\/implantations\/","name":"Implantations - Les soeurs de J\u00e9sus au temple","isPartOf":{"@id":"https:\/\/www.jesus-au-temple.com\/#website"},"datePublished":"2026-04-21T15:29:19+00:00","dateModified":"2026-04-21T15:41:13+00:00","breadcrumb":{"@id":"https:\/\/www.jesus-au-temple.com\/index.php\/implantations\/#breadcrumb"},"inLanguage":"fr-FR","potentialAction":[{"@type":"ReadAction","target":["https:\/\/www.jesus-au-temple.com\/index.php\/implantations\/"]}]},{"@type":"BreadcrumbList","@id":"https:\/\/www.jesus-au-temple.com\/index.php\/implantations\/#breadcrumb","itemListElement":[{"@type":"ListItem","position":1,"name":"Accueil","item":"https:\/\/www.jesus-au-temple.com\/"},{"@type":"ListItem","position":2,"name":"Implantations"}]},{"@type":"WebSite","@id":"https:\/\/www.jesus-au-temple.com\/#website","url":"https:\/\/www.jesus-au-temple.com\/","name":"S\u0153urs de J\u00e9sus au temple de Vernon","description":"Site officiel des Soeurs de j\u00e9sus au Temple","publisher":{"@id":"https:\/\/www.jesus-au-temple.com\/#organization"},"potentialAction":[{"@type":"SearchAction","target":{"@type":"EntryPoint","urlTemplate":"https:\/\/www.jesus-au-temple.com\/?s={search_term_string}"},"query-input":{"@type":"PropertyValueSpecification","valueRequired":true,"valueName":"search_term_string"}}],"inLanguage":"fr-FR"},{"@type":"Organization","@id":"https:\/\/www.jesus-au-temple.com\/#organization","name":"Communaut\u00e9 de soeurs catholiques","url":"https:\/\/www.jesus-au-temple.com\/","logo":{"@type":"ImageObject","inLanguage":"fr-FR","@id":"https:\/\/www.jesus-au-temple.com\/#\/schema\/logo\/image\/","url":"https:\/\/www.jesus-au-temple.com\/wp-content\/uploads\/2023\/01\/soeurs-de-jesus-au-temple.png","contentUrl":"https:\/\/www.jesus-au-temple.com\/wp-content\/uploads\/2023\/01\/soeurs-de-jesus-au-temple.png","width":826,"height":455,"caption":"Communaut\u00e9 de soeurs catholiques"},"image":{"@id":"https:\/\/www.jesus-au-temple.com\/#\/schema\/logo\/image\/"}}]}},"_links":{"self":[{"href":"https:\/\/www.jesus-au-temple.com\/index.php\/wp-json\/wp\/v2\/pages\/5960","targetHints":{"allow":["GET"]}}],"collection":[{"href":"https:\/\/www.jesus-au-temple.com\/index.php\/wp-json\/wp\/v2\/pages"}],"about":[{"href":"https:\/\/www.jesus-au-temple.com\/index.php\/wp-json\/wp\/v2\/types\/page"}],"author":[{"embeddable":true,"href":"https:\/\/www.jesus-au-temple.com\/index.php\/wp-json\/wp\/v2\/users\/4"}],"replies":[{"embeddable":true,"href":"https:\/\/www.jesus-au-temple.com\/index.php\/wp-json\/wp\/v2\/comments?post=5960"}],"version-history":[{"count":31,"href":"https:\/\/www.jesus-au-temple.com\/index.php\/wp-json\/wp\/v2\/pages\/5960\/revisions"}],"predecessor-version":[{"id":5993,"href":"https:\/\/www.jesus-au-temple.com\/index.php\/wp-json\/wp\/v2\/pages\/5960\/revisions\/5993"}],"wp:attachment":[{"href":"https:\/\/www.jesus-au-temple.com\/index.php\/wp-json\/wp\/v2\/media?parent=5960"}],"curies":[{"name":"wp","href":"https:\/\/api.w.org\/{rel}","templated":true}]}}